{"id":9,"date":"2021-04-20T14:25:25","date_gmt":"2021-04-20T13:25:25","guid":{"rendered":"https:\/\/les7mers.wordpress.com\/?page_id=9"},"modified":"2021-05-20T08:27:21","modified_gmt":"2021-05-20T06:27:21","slug":"about","status":"publish","type":"page","link":"https:\/\/neuhausj.emf-informatique.ch\/Les7mers\/index.php\/about\/","title":{"rendered":"Extension"},"content":{"rendered":"\t\t<div data-elementor-type=\"wp-page\" data-elementor-id=\"9\" class=\"elementor elementor-9\" data-elementor-settings=\"[]\">\n\t\t\t\t\t\t\t<div class=\"elementor-section-wrap\">\n\t\t\t\t\t\t\t<section class=\"elementor-section elementor-top-section elementor-element elementor-element-39a9a99 elementor-section-boxed elementor-section-height-default elementor-section-height-default\" data-id=\"39a9a99\" data-element_type=\"section\">\n\t\t\t\t\t\t<div class=\"elementor-container elementor-column-gap-default\">\n\t\t\t\t\t<div class=\"elementor-column elementor-col-100 elementor-top-column elementor-element elementor-element-ac30265\" data-id=\"ac30265\" data-element_type=\"column\">\n\t\t\t<div class=\"elementor-widget-wrap elementor-element-populated\">\n\t\t\t\t\t\t\t\t<div class=\"elementor-element elementor-element-48b7c45 elementor-widget elementor-widget-text-editor\" data-id=\"48b7c45\" data-element_type=\"widget\" data-widget_type=\"text-editor.default\">\n\t\t\t\t<div class=\"elementor-widget-container\">\n\t\t\t\t\t\t\t\t<p>Comment ajouter une extension ?<\/p>\n<p>Choisir le navigateur ad\u00e9quat par rapport \u00e0 celui que nous utilisons. <\/p>\t\t\t\t\t\t<\/div>\n\t\t\t\t<\/div>\n\t\t\t\t\t<\/div>\n\t\t<\/div>\n\t\t\t\t\t\t\t<\/div>\n\t\t<\/section>\n\t\t\t\t<section class=\"elementor-section elementor-top-section elementor-element elementor-element-615b3ea elementor-section-boxed elementor-section-height-default elementor-section-height-default\" data-id=\"615b3ea\" data-element_type=\"section\">\n\t\t\t\t\t\t<div class=\"elementor-container elementor-column-gap-default\">\n\t\t\t\t\t<div class=\"elementor-column elementor-col-100 elementor-top-column elementor-element elementor-element-3183d3c\" data-id=\"3183d3c\" data-element_type=\"column\">\n\t\t\t<div class=\"elementor-widget-wrap elementor-element-populated\">\n\t\t\t\t\t\t\t\t<div class=\"elementor-element elementor-element-24c9eb6 elementor-widget elementor-widget-image\" data-id=\"24c9eb6\" data-element_type=\"widget\" data-widget_type=\"image.default\">\n\t\t\t\t<div class=\"elementor-widget-container\">\n\t\t\t\t\t\t\t\t\t\t\t\t\t\t\t<img loading=\"lazy\" decoding=\"async\" width=\"779\" height=\"305\" src=\"https:\/\/neuhausj.emf-informatique.ch\/Les7mers\/wp-content\/uploads\/2021\/05\/modulefirefox.png\" class=\"attachment-large size-large\" alt=\"\" srcset=\"https:\/\/neuhausj.emf-informatique.ch\/Les7mers\/wp-content\/uploads\/2021\/05\/modulefirefox.png 779w, https:\/\/neuhausj.emf-informatique.ch\/Les7mers\/wp-content\/uploads\/2021\/05\/modulefirefox-300x117.png 300w, https:\/\/neuhausj.emf-informatique.ch\/Les7mers\/wp-content\/uploads\/2021\/05\/modulefirefox-768x301.png 768w\" sizes=\"auto, (max-width: 779px) 100vw, 779px\" \/>\t\t\t\t\t\t\t\t\t\t\t\t\t\t\t<\/div>\n\t\t\t\t<\/div>\n\t\t\t\t\t<\/div>\n\t\t<\/div>\n\t\t\t\t\t\t\t<\/div>\n\t\t<\/section>\n\t\t\t\t<section class=\"elementor-section elementor-top-section elementor-element elementor-element-45e5126 elementor-section-boxed elementor-section-height-default elementor-section-height-default\" data-id=\"45e5126\" data-element_type=\"section\">\n\t\t\t\t\t\t<div class=\"elementor-container elementor-column-gap-default\">\n\t\t\t\t\t<div class=\"elementor-column elementor-col-100 elementor-top-column elementor-element elementor-element-1432e38\" data-id=\"1432e38\" data-element_type=\"column\">\n\t\t\t<div class=\"elementor-widget-wrap elementor-element-populated\">\n\t\t\t\t\t\t\t\t<div class=\"elementor-element elementor-element-7e8474f elementor-widget elementor-widget-text-editor\" data-id=\"7e8474f\" data-element_type=\"widget\" data-widget_type=\"text-editor.default\">\n\t\t\t\t<div class=\"elementor-widget-container\">\n\t\t\t\t\t\t\t\t<p>S\u00e9lectionner l&rsquo;extension que nous voulons.<\/p>\t\t\t\t\t\t<\/div>\n\t\t\t\t<\/div>\n\t\t\t\t\t<\/div>\n\t\t<\/div>\n\t\t\t\t\t\t\t<\/div>\n\t\t<\/section>\n\t\t\t\t<section class=\"elementor-section elementor-top-section elementor-element elementor-element-aa868ce elementor-section-boxed elementor-section-height-default elementor-section-height-default\" data-id=\"aa868ce\" data-element_type=\"section\">\n\t\t\t\t\t\t<div class=\"elementor-container elementor-column-gap-default\">\n\t\t\t\t\t<div class=\"elementor-column elementor-col-100 elementor-top-column elementor-element elementor-element-b475233\" data-id=\"b475233\" data-element_type=\"column\">\n\t\t\t<div class=\"elementor-widget-wrap elementor-element-populated\">\n\t\t\t\t\t\t\t\t<div class=\"elementor-element elementor-element-7e21e92 elementor-widget elementor-widget-image\" data-id=\"7e21e92\" data-element_type=\"widget\" data-widget_type=\"image.default\">\n\t\t\t\t<div class=\"elementor-widget-container\">\n\t\t\t\t\t\t\t\t\t\t\t\t\t\t\t<img loading=\"lazy\" decoding=\"async\" width=\"771\" height=\"314\" src=\"https:\/\/neuhausj.emf-informatique.ch\/Les7mers\/wp-content\/uploads\/2021\/05\/modulefirefox2.png\" class=\"attachment-large size-large\" alt=\"\" srcset=\"https:\/\/neuhausj.emf-informatique.ch\/Les7mers\/wp-content\/uploads\/2021\/05\/modulefirefox2.png 771w, https:\/\/neuhausj.emf-informatique.ch\/Les7mers\/wp-content\/uploads\/2021\/05\/modulefirefox2-300x122.png 300w, https:\/\/neuhausj.emf-informatique.ch\/Les7mers\/wp-content\/uploads\/2021\/05\/modulefirefox2-768x313.png 768w\" sizes=\"auto, (max-width: 771px) 100vw, 771px\" \/>\t\t\t\t\t\t\t\t\t\t\t\t\t\t\t<\/div>\n\t\t\t\t<\/div>\n\t\t\t\t\t<\/div>\n\t\t<\/div>\n\t\t\t\t\t\t\t<\/div>\n\t\t<\/section>\n\t\t\t\t<section class=\"elementor-section elementor-top-section elementor-element elementor-element-6f3e73b elementor-section-boxed elementor-section-height-default elementor-section-height-default\" data-id=\"6f3e73b\" data-element_type=\"section\">\n\t\t\t\t\t\t<div class=\"elementor-container elementor-column-gap-default\">\n\t\t\t\t\t<div class=\"elementor-column elementor-col-100 elementor-top-column elementor-element elementor-element-663ffdb\" data-id=\"663ffdb\" data-element_type=\"column\">\n\t\t\t<div class=\"elementor-widget-wrap elementor-element-populated\">\n\t\t\t\t\t\t\t\t<div class=\"elementor-element elementor-element-ce02acb elementor-widget elementor-widget-text-editor\" data-id=\"ce02acb\" data-element_type=\"widget\" data-widget_type=\"text-editor.default\">\n\t\t\t\t<div class=\"elementor-widget-container\">\n\t\t\t\t\t\t\t\t<p>Voil\u00e0 l&rsquo;extension est install\u00e9e !!<\/p>\t\t\t\t\t\t<\/div>\n\t\t\t\t<\/div>\n\t\t\t\t\t<\/div>\n\t\t<\/div>\n\t\t\t\t\t\t\t<\/div>\n\t\t<\/section>\n\t\t\t\t<section class=\"elementor-section elementor-top-section elementor-element elementor-element-52a5768 elementor-section-boxed elementor-section-height-default elementor-section-height-default\" data-id=\"52a5768\" data-element_type=\"section\">\n\t\t\t\t\t\t<div class=\"elementor-container elementor-column-gap-default\">\n\t\t\t\t\t<div class=\"elementor-column elementor-col-100 elementor-top-column elementor-element elementor-element-ec07141\" data-id=\"ec07141\" data-element_type=\"column\">\n\t\t\t<div class=\"elementor-widget-wrap elementor-element-populated\">\n\t\t\t\t\t\t\t\t<div class=\"elementor-element elementor-element-5c00448 elementor-widget elementor-widget-text-editor\" data-id=\"5c00448\" data-element_type=\"widget\" data-widget_type=\"text-editor.default\">\n\t\t\t\t<div class=\"elementor-widget-container\">\n\t\t\t\t\t\t\t\t<p style=\"text-align: center;\" size=\"+20\">FAIRE ATTENTION<\/p>\n\t\t\t\t\t\t<\/div>\n\t\t\t\t<\/div>\n\t\t\t\t\t<\/div>\n\t\t<\/div>\n\t\t\t\t\t\t\t<\/div>\n\t\t<\/section>\n\t\t\t\t<section class=\"elementor-section elementor-top-section elementor-element elementor-element-801e663 elementor-section-boxed elementor-section-height-default elementor-section-height-default\" data-id=\"801e663\" data-element_type=\"section\">\n\t\t\t\t\t\t<div class=\"elementor-container elementor-column-gap-default\">\n\t\t\t\t\t<div class=\"elementor-column elementor-col-100 elementor-top-column elementor-element elementor-element-eeccee1\" data-id=\"eeccee1\" data-element_type=\"column\">\n\t\t\t<div class=\"elementor-widget-wrap elementor-element-populated\">\n\t\t\t\t\t\t\t\t<div class=\"elementor-element elementor-element-94b7a0c elementor-widget elementor-widget-text-editor\" data-id=\"94b7a0c\" data-element_type=\"widget\" data-widget_type=\"text-editor.default\">\n\t\t\t\t<div class=\"elementor-widget-container\">\n\t\t\t\t\t\t\t\t<p>Quand nous voulons t\u00e9l\u00e9charger des extensions, Il faut faire attention sur quel site nous allons. Il faut toujours aller sur des sites officiels.<\/p>\n<p>Par exemple sur l&rsquo;image ci-dessous:<br \/><span style=\"color: #ff0000;\"><u>L&rsquo;encadr\u00e9e rouge<\/u><\/span>, par son nom nous pouvons savoir que ce n&rsquo;est pas un site officiel.<br \/><span style=\"color: #00ff00;\"><u>L&rsquo;encadr\u00e9e vert<\/u><\/span>, le nom de ce site me prouve qu&rsquo;il est le site officiel de mon navigateur.<\/p>\t\t\t\t\t\t<\/div>\n\t\t\t\t<\/div>\n\t\t\t\t\t<\/div>\n\t\t<\/div>\n\t\t\t\t\t\t\t<\/div>\n\t\t<\/section>\n\t\t\t\t<section class=\"elementor-section elementor-top-section elementor-element elementor-element-e94f707 elementor-section-boxed elementor-section-height-default elementor-section-height-default\" data-id=\"e94f707\" data-element_type=\"section\">\n\t\t\t\t\t\t<div class=\"elementor-container elementor-column-gap-default\">\n\t\t\t\t\t<div class=\"elementor-column elementor-col-100 elementor-top-column elementor-element elementor-element-589eebd\" data-id=\"589eebd\" data-element_type=\"column\">\n\t\t\t<div class=\"elementor-widget-wrap elementor-element-populated\">\n\t\t\t\t\t\t\t\t<div class=\"elementor-element elementor-element-2445ae4 elementor-widget elementor-widget-image\" data-id=\"2445ae4\" data-element_type=\"widget\" data-widget_type=\"image.default\">\n\t\t\t\t<div class=\"elementor-widget-container\">\n\t\t\t\t\t\t\t\t\t\t\t\t\t\t\t<img loading=\"lazy\" decoding=\"async\" width=\"718\" height=\"506\" src=\"https:\/\/neuhausj.emf-informatique.ch\/Les7mers\/wp-content\/uploads\/2021\/05\/vert_rouge.png\" class=\"attachment-large size-large\" alt=\"\" srcset=\"https:\/\/neuhausj.emf-informatique.ch\/Les7mers\/wp-content\/uploads\/2021\/05\/vert_rouge.png 718w, https:\/\/neuhausj.emf-informatique.ch\/Les7mers\/wp-content\/uploads\/2021\/05\/vert_rouge-300x211.png 300w\" sizes=\"auto, (max-width: 718px) 100vw, 718px\" \/>\t\t\t\t\t\t\t\t\t\t\t\t\t\t\t<\/div>\n\t\t\t\t<\/div>\n\t\t\t\t\t<\/div>\n\t\t<\/div>\n\t\t\t\t\t\t\t<\/div>\n\t\t<\/section>\n\t\t\t\t<section class=\"elementor-section elementor-top-section elementor-element elementor-element-b6625f2 elementor-section-boxed elementor-section-height-default elementor-section-height-default\" data-id=\"b6625f2\" data-element_type=\"section\">\n\t\t\t\t\t\t<div class=\"elementor-container elementor-column-gap-default\">\n\t\t\t\t\t<div class=\"elementor-column elementor-col-100 elementor-top-column elementor-element elementor-element-b3ffc08\" data-id=\"b3ffc08\" data-element_type=\"column\">\n\t\t\t<div class=\"elementor-widget-wrap elementor-element-populated\">\n\t\t\t\t\t\t\t\t<div class=\"elementor-element elementor-element-4d9c0ac elementor-widget elementor-widget-text-editor\" data-id=\"4d9c0ac\" data-element_type=\"widget\" data-widget_type=\"text-editor.default\">\n\t\t\t\t<div class=\"elementor-widget-container\">\n\t\t\t\t\t\t\t\t<p>Ou voir les extensions que nous poss\u00e9dons d\u00e9j\u00e0 ?<\/p><p>Nous trouvons nos modules en haut a droite de notre navigateur.<\/p>\t\t\t\t\t\t<\/div>\n\t\t\t\t<\/div>\n\t\t\t\t\t<\/div>\n\t\t<\/div>\n\t\t\t\t\t\t\t<\/div>\n\t\t<\/section>\n\t\t\t\t<section class=\"elementor-section elementor-top-section elementor-element elementor-element-74d05c1 elementor-section-boxed elementor-section-height-default elementor-section-height-default\" data-id=\"74d05c1\" data-element_type=\"section\">\n\t\t\t\t\t\t<div class=\"elementor-container elementor-column-gap-default\">\n\t\t\t\t\t<div class=\"elementor-column elementor-col-100 elementor-top-column elementor-element elementor-element-8c3f2dd\" data-id=\"8c3f2dd\" data-element_type=\"column\">\n\t\t\t<div class=\"elementor-widget-wrap elementor-element-populated\">\n\t\t\t\t\t\t\t\t<div class=\"elementor-element elementor-element-a723907 elementor-widget elementor-widget-image\" data-id=\"a723907\" data-element_type=\"widget\" data-widget_type=\"image.default\">\n\t\t\t\t<div class=\"elementor-widget-container\">\n\t\t\t\t\t\t\t\t\t\t\t\t\t\t\t<img loading=\"lazy\" decoding=\"async\" width=\"328\" height=\"264\" src=\"https:\/\/neuhausj.emf-informatique.ch\/Les7mers\/wp-content\/uploads\/2021\/05\/extension3.png\" class=\"attachment-large size-large\" alt=\"\" srcset=\"https:\/\/neuhausj.emf-informatique.ch\/Les7mers\/wp-content\/uploads\/2021\/05\/extension3.png 328w, https:\/\/neuhausj.emf-informatique.ch\/Les7mers\/wp-content\/uploads\/2021\/05\/extension3-300x241.png 300w\" sizes=\"auto, (max-width: 328px) 100vw, 328px\" \/>\t\t\t\t\t\t\t\t\t\t\t\t\t\t\t<\/div>\n\t\t\t\t<\/div>\n\t\t\t\t\t<\/div>\n\t\t<\/div>\n\t\t\t\t\t\t\t<\/div>\n\t\t<\/section>\n\t\t\t\t<section class=\"elementor-section elementor-top-section elementor-element elementor-element-c2a5566 elementor-section-boxed elementor-section-height-default elementor-section-height-default\" data-id=\"c2a5566\" data-element_type=\"section\">\n\t\t\t\t\t\t<div class=\"elementor-container elementor-column-gap-default\">\n\t\t\t\t\t<div class=\"elementor-column elementor-col-100 elementor-top-column elementor-element elementor-element-97240e9\" data-id=\"97240e9\" data-element_type=\"column\">\n\t\t\t<div class=\"elementor-widget-wrap elementor-element-populated\">\n\t\t\t\t\t\t\t\t<div class=\"elementor-element elementor-element-1f88239 elementor-widget elementor-widget-text-editor\" data-id=\"1f88239\" data-element_type=\"widget\" data-widget_type=\"text-editor.default\">\n\t\t\t\t<div class=\"elementor-widget-container\">\n\t\t\t\t\t\t\t\t<p>Listes d&rsquo;extension utiles.<\/p>\t\t\t\t\t\t<\/div>\n\t\t\t\t<\/div>\n\t\t\t\t\t<\/div>\n\t\t<\/div>\n\t\t\t\t\t\t\t<\/div>\n\t\t<\/section>\n\t\t\t\t<section class=\"elementor-section elementor-top-section elementor-element elementor-element-bade1b6 elementor-section-boxed elementor-section-height-default elementor-section-height-default\" data-id=\"bade1b6\" data-element_type=\"section\">\n\t\t\t\t\t\t<div class=\"elementor-container elementor-column-gap-default\">\n\t\t\t\t\t<div class=\"elementor-column elementor-col-100 elementor-top-column elementor-element elementor-element-4aef5e7\" data-id=\"4aef5e7\" data-element_type=\"column\">\n\t\t\t<div class=\"elementor-widget-wrap elementor-element-populated\">\n\t\t\t\t\t\t\t\t<div class=\"elementor-element elementor-element-5394156 elementor-widget elementor-widget-image\" data-id=\"5394156\" data-element_type=\"widget\" data-widget_type=\"image.default\">\n\t\t\t\t<div class=\"elementor-widget-container\">\n\t\t\t\t\t\t\t\t\t\t\t\t\t\t\t<img loading=\"lazy\" decoding=\"async\" width=\"623\" height=\"166\" src=\"https:\/\/neuhausj.emf-informatique.ch\/Les7mers\/wp-content\/uploads\/2021\/05\/dashlane.png\" class=\"attachment-large size-large\" alt=\"\" srcset=\"https:\/\/neuhausj.emf-informatique.ch\/Les7mers\/wp-content\/uploads\/2021\/05\/dashlane.png 623w, https:\/\/neuhausj.emf-informatique.ch\/Les7mers\/wp-content\/uploads\/2021\/05\/dashlane-300x80.png 300w\" sizes=\"auto, (max-width: 623px) 100vw, 623px\" \/>\t\t\t\t\t\t\t\t\t\t\t\t\t\t\t<\/div>\n\t\t\t\t<\/div>\n\t\t\t\t<div class=\"elementor-element elementor-element-a2c7c39 elementor-widget elementor-widget-text-editor\" data-id=\"a2c7c39\" data-element_type=\"widget\" data-widget_type=\"text-editor.default\">\n\t\t\t\t<div class=\"elementor-widget-container\">\n\t\t\t\t\t\t\t\t<p>Dashlane est une extension qui permet \u00e0 l&rsquo;utilisateur d&rsquo;avoir un gestionnaire de mot de passe. Cr\u00e9ation, sauvegarde et saisie automatique pour simplifier la navigation internet.<\/p>\t\t\t\t\t\t<\/div>\n\t\t\t\t<\/div>\n\t\t\t\t\t<\/div>\n\t\t<\/div>\n\t\t\t\t\t\t\t<\/div>\n\t\t<\/section>\n\t\t\t\t<section class=\"elementor-section elementor-top-section elementor-element elementor-element-5f93b69 elementor-section-boxed elementor-section-height-default elementor-section-height-default\" data-id=\"5f93b69\" data-element_type=\"section\">\n\t\t\t\t\t\t<div class=\"elementor-container elementor-column-gap-default\">\n\t\t\t\t\t<div class=\"elementor-column elementor-col-100 elementor-top-column elementor-element elementor-element-70eba19\" data-id=\"70eba19\" data-element_type=\"column\">\n\t\t\t<div class=\"elementor-widget-wrap elementor-element-populated\">\n\t\t\t\t\t\t\t\t<div class=\"elementor-element elementor-element-c48955e elementor-widget elementor-widget-image\" data-id=\"c48955e\" data-element_type=\"widget\" data-widget_type=\"image.default\">\n\t\t\t\t<div class=\"elementor-widget-container\">\n\t\t\t\t\t\t\t\t\t\t\t\t\t\t\t<img loading=\"lazy\" decoding=\"async\" width=\"577\" height=\"132\" src=\"https:\/\/neuhausj.emf-informatique.ch\/Les7mers\/wp-content\/uploads\/2021\/05\/adguard.png\" class=\"attachment-large size-large\" alt=\"\" srcset=\"https:\/\/neuhausj.emf-informatique.ch\/Les7mers\/wp-content\/uploads\/2021\/05\/adguard.png 577w, https:\/\/neuhausj.emf-informatique.ch\/Les7mers\/wp-content\/uploads\/2021\/05\/adguard-300x69.png 300w\" sizes=\"auto, (max-width: 577px) 100vw, 577px\" \/>\t\t\t\t\t\t\t\t\t\t\t\t\t\t\t<\/div>\n\t\t\t\t<\/div>\n\t\t\t\t<div class=\"elementor-element elementor-element-a4af7b0 elementor-widget elementor-widget-text-editor\" data-id=\"a4af7b0\" data-element_type=\"widget\" data-widget_type=\"text-editor.default\">\n\t\t\t\t<div class=\"elementor-widget-container\">\n\t\t\t\t\t\t\t\t<p>AdGuard est un des meilleurs bloqueurs de pub, plus de d\u00e9sagr\u00e9ments quand nous regardons des vid\u00e9os en streaming, plus de pub intrusive quand nous naviguons sur nos sites favoris.<\/p>\t\t\t\t\t\t<\/div>\n\t\t\t\t<\/div>\n\t\t\t\t\t<\/div>\n\t\t<\/div>\n\t\t\t\t\t\t\t<\/div>\n\t\t<\/section>\n\t\t\t\t<section class=\"elementor-section elementor-top-section elementor-element elementor-element-5e64e86 elementor-section-boxed elementor-section-height-default elementor-section-height-default\" data-id=\"5e64e86\" data-element_type=\"section\">\n\t\t\t\t\t\t<div class=\"elementor-container elementor-column-gap-default\">\n\t\t\t\t\t<div class=\"elementor-column elementor-col-100 elementor-top-column elementor-element elementor-element-03340c2\" data-id=\"03340c2\" data-element_type=\"column\">\n\t\t\t<div class=\"elementor-widget-wrap elementor-element-populated\">\n\t\t\t\t\t\t\t\t<div class=\"elementor-element elementor-element-6c8edd3 elementor-widget elementor-widget-image\" data-id=\"6c8edd3\" data-element_type=\"widget\" data-widget_type=\"image.default\">\n\t\t\t\t<div class=\"elementor-widget-container\">\n\t\t\t\t\t\t\t\t\t\t\t\t\t\t\t<img loading=\"lazy\" decoding=\"async\" width=\"562\" height=\"138\" src=\"https:\/\/neuhausj.emf-informatique.ch\/Les7mers\/wp-content\/uploads\/2021\/05\/honney.png\" class=\"attachment-large size-large\" alt=\"\" srcset=\"https:\/\/neuhausj.emf-informatique.ch\/Les7mers\/wp-content\/uploads\/2021\/05\/honney.png 562w, https:\/\/neuhausj.emf-informatique.ch\/Les7mers\/wp-content\/uploads\/2021\/05\/honney-300x74.png 300w\" sizes=\"auto, (max-width: 562px) 100vw, 562px\" \/>\t\t\t\t\t\t\t\t\t\t\t\t\t\t\t<\/div>\n\t\t\t\t<\/div>\n\t\t\t\t<div class=\"elementor-element elementor-element-e6462a8 elementor-widget elementor-widget-text-editor\" data-id=\"e6462a8\" data-element_type=\"widget\" data-widget_type=\"text-editor.default\">\n\t\t\t\t<div class=\"elementor-widget-container\">\n\t\t\t\t\t\t\t\t<p>Honey permet de trouver des coupons de r\u00e9duction quand nous sommes sur des sites d&rsquo;achats.<\/p>\t\t\t\t\t\t<\/div>\n\t\t\t\t<\/div>\n\t\t\t\t\t<\/div>\n\t\t<\/div>\n\t\t\t\t\t\t\t<\/div>\n\t\t<\/section>\n\t\t\t\t<section class=\"elementor-section elementor-top-section elementor-element elementor-element-f0719ca elementor-section-boxed elementor-section-height-default elementor-section-height-default\" data-id=\"f0719ca\" data-element_type=\"section\">\n\t\t\t\t\t\t<div class=\"elementor-container elementor-column-gap-default\">\n\t\t\t\t\t<div class=\"elementor-column elementor-col-100 elementor-top-column elementor-element elementor-element-c94b098\" data-id=\"c94b098\" data-element_type=\"column\">\n\t\t\t<div class=\"elementor-widget-wrap elementor-element-populated\">\n\t\t\t\t\t\t\t\t<div class=\"elementor-element elementor-element-0bba4a3 elementor-widget elementor-widget-image\" data-id=\"0bba4a3\" data-element_type=\"widget\" data-widget_type=\"image.default\">\n\t\t\t\t<div class=\"elementor-widget-container\">\n\t\t\t\t\t\t\t\t\t\t\t\t\t\t\t<img loading=\"lazy\" decoding=\"async\" width=\"544\" height=\"120\" src=\"https:\/\/neuhausj.emf-informatique.ch\/Les7mers\/wp-content\/uploads\/2021\/05\/DarkReader.png\" class=\"attachment-large size-large\" alt=\"\" srcset=\"https:\/\/neuhausj.emf-informatique.ch\/Les7mers\/wp-content\/uploads\/2021\/05\/DarkReader.png 544w, https:\/\/neuhausj.emf-informatique.ch\/Les7mers\/wp-content\/uploads\/2021\/05\/DarkReader-300x66.png 300w\" sizes=\"auto, (max-width: 544px) 100vw, 544px\" \/>\t\t\t\t\t\t\t\t\t\t\t\t\t\t\t<\/div>\n\t\t\t\t<\/div>\n\t\t\t\t<div class=\"elementor-element elementor-element-be597b0 elementor-widget elementor-widget-text-editor\" data-id=\"be597b0\" data-element_type=\"widget\" data-widget_type=\"text-editor.default\">\n\t\t\t\t<div class=\"elementor-widget-container\">\n\t\t\t\t\t\t\t\t<p>Dark Reader permet de mettre tous les sites internet que nous visitons en mode sombre.<\/p>\t\t\t\t\t\t<\/div>\n\t\t\t\t<\/div>\n\t\t\t\t\t<\/div>\n\t\t<\/div>\n\t\t\t\t\t\t\t<\/div>\n\t\t<\/section>\n\t\t\t\t<section class=\"elementor-section elementor-top-section elementor-element elementor-element-22436fb elementor-section-boxed elementor-section-height-default elementor-section-height-default\" data-id=\"22436fb\" data-element_type=\"section\">\n\t\t\t\t\t\t<div class=\"elementor-container elementor-column-gap-default\">\n\t\t\t\t\t<div class=\"elementor-column elementor-col-100 elementor-top-column elementor-element elementor-element-d8faea5\" data-id=\"d8faea5\" data-element_type=\"column\">\n\t\t\t<div class=\"elementor-widget-wrap elementor-element-populated\">\n\t\t\t\t\t\t\t\t<div class=\"elementor-element elementor-element-9afe81f elementor-widget elementor-widget-image\" data-id=\"9afe81f\" data-element_type=\"widget\" data-widget_type=\"image.default\">\n\t\t\t\t<div class=\"elementor-widget-container\">\n\t\t\t\t\t\t\t\t\t\t\t\t\t\t\t<img loading=\"lazy\" decoding=\"async\" width=\"567\" height=\"127\" src=\"https:\/\/neuhausj.emf-informatique.ch\/Les7mers\/wp-content\/uploads\/2021\/05\/clickandclean.png\" class=\"attachment-large size-large\" alt=\"\" srcset=\"https:\/\/neuhausj.emf-informatique.ch\/Les7mers\/wp-content\/uploads\/2021\/05\/clickandclean.png 567w, https:\/\/neuhausj.emf-informatique.ch\/Les7mers\/wp-content\/uploads\/2021\/05\/clickandclean-300x67.png 300w\" sizes=\"auto, (max-width: 567px) 100vw, 567px\" \/>\t\t\t\t\t\t\t\t\t\t\t\t\t\t\t<\/div>\n\t\t\t\t<\/div>\n\t\t\t\t<div class=\"elementor-element elementor-element-72e7e87 elementor-widget elementor-widget-text-editor\" data-id=\"72e7e87\" data-element_type=\"widget\" data-widget_type=\"text-editor.default\">\n\t\t\t\t<div class=\"elementor-widget-container\">\n\t\t\t\t\t\t\t\t<p>Click and Clean nous simplifies la gestion de notre navigateur, nous pouvons nettoyer notre historique, cache, les cookies et notre historique de t\u00e9l\u00e9chargement en un seul clic.<\/p>\t\t\t\t\t\t<\/div>\n\t\t\t\t<\/div>\n\t\t\t\t\t<\/div>\n\t\t<\/div>\n\t\t\t\t\t\t\t<\/div>\n\t\t<\/section>\n\t\t\t\t\t\t<\/div>\n\t\t\t\t\t<\/div>\n\t\t","protected":false},"excerpt":{"rendered":"<p>Comment ajouter une extension ? Choisir le navigateur ad\u00e9quat par rapport \u00e0 celui que nous utilisons. S\u00e9lectionner l&rsquo;extension que nous voulons. Voil\u00e0 l&rsquo;extension est install\u00e9e !! FAIRE ATTENTION Quand nous voulons t\u00e9l\u00e9charger des extensions, Il faut faire attention sur quel site nous allons. Il faut toujours aller sur des sites officiels. Par exemple sur l&rsquo;image [&hellip;]<\/p>\n","protected":false},"author":3,"featured_media":0,"parent":0,"menu_order":0,"comment_status":"closed","ping_status":"closed","template":"","meta":{"footnotes":""},"class_list":["post-9","page","type-page","status-publish","hentry"],"_links":{"self":[{"href":"https:\/\/neuhausj.emf-informatique.ch\/Les7mers\/index.php\/wp-json\/wp\/v2\/pages\/9","targetHints":{"allow":["GET"]}}],"collection":[{"href":"https:\/\/neuhausj.emf-informatique.ch\/Les7mers\/index.php\/wp-json\/wp\/v2\/pages"}],"about":[{"href":"https:\/\/neuhausj.emf-informatique.ch\/Les7mers\/index.php\/wp-json\/wp\/v2\/types\/page"}],"author":[{"embeddable":true,"href":"https:\/\/neuhausj.emf-informatique.ch\/Les7mers\/index.php\/wp-json\/wp\/v2\/users\/3"}],"replies":[{"embeddable":true,"href":"https:\/\/neuhausj.emf-informatique.ch\/Les7mers\/index.php\/wp-json\/wp\/v2\/comments?post=9"}],"version-history":[{"count":15,"href":"https:\/\/neuhausj.emf-informatique.ch\/Les7mers\/index.php\/wp-json\/wp\/v2\/pages\/9\/revisions"}],"predecessor-version":[{"id":192,"href":"https:\/\/neuhausj.emf-informatique.ch\/Les7mers\/index.php\/wp-json\/wp\/v2\/pages\/9\/revisions\/192"}],"wp:attachment":[{"href":"https:\/\/neuhausj.emf-informatique.ch\/Les7mers\/index.php\/wp-json\/wp\/v2\/media?parent=9"}],"curies":[{"name":"wp","href":"https:\/\/api.w.org\/{rel}","templated":true}]}}