{"id":7,"date":"2021-04-25T08:42:04","date_gmt":"2021-04-25T06:42:04","guid":{"rendered":"https:\/\/les7mers.wordpress.com\/?page_id=7"},"modified":"2021-06-06T09:53:22","modified_gmt":"2021-06-06T07:53:22","slug":"blog","status":"publish","type":"page","link":"https:\/\/neuhausj.emf-informatique.ch\/Les7mers\/index.php\/blog\/","title":{"rendered":"Cookies"},"content":{"rendered":"\t\t<div data-elementor-type=\"wp-page\" data-elementor-id=\"7\" class=\"elementor elementor-7\" data-elementor-settings=\"[]\">\n\t\t\t\t\t\t\t<div class=\"elementor-section-wrap\">\n\t\t\t\t\t\t\t<section class=\"elementor-section elementor-top-section elementor-element elementor-element-8f61be7 elementor-section-boxed elementor-section-height-default elementor-section-height-default\" data-id=\"8f61be7\" data-element_type=\"section\">\n\t\t\t\t\t\t<div class=\"elementor-container elementor-column-gap-default\">\n\t\t\t\t\t<div class=\"elementor-column elementor-col-100 elementor-top-column elementor-element elementor-element-1c4f767\" data-id=\"1c4f767\" data-element_type=\"column\">\n\t\t\t<div class=\"elementor-widget-wrap elementor-element-populated\">\n\t\t\t\t\t\t\t\t<div class=\"elementor-element elementor-element-ee2092d elementor-widget elementor-widget-text-editor\" data-id=\"ee2092d\" data-element_type=\"widget\" data-widget_type=\"text-editor.default\">\n\t\t\t\t<div class=\"elementor-widget-container\">\n\t\t\t\t\t\t\t\t<h1>qu&rsquo;est ce un cookie?<\/h1>\n<p>Les cookies sont des petits fichiers ce trouvant sur vos Ordinateurs. Ces fichiers vont enregistrer des donn\u00e9es vous concernant : un nom d&rsquo;utilisateur, votre \u00e2ge, certaines habitudes de navigation et plus. Ces donn\u00e9es sont ensuite rassembl\u00e9es et analys\u00e9es afin de faciliter votre navigation.<\/p>\t\t\t\t\t\t<\/div>\n\t\t\t\t<\/div>\n\t\t\t\t<div class=\"elementor-element elementor-element-b306226 elementor-widget elementor-widget-image\" data-id=\"b306226\" data-element_type=\"widget\" data-widget_type=\"image.default\">\n\t\t\t\t<div class=\"elementor-widget-container\">\n\t\t\t\t\t\t\t\t\t\t\t\t\t\t\t<img loading=\"lazy\" decoding=\"async\" width=\"768\" height=\"512\" src=\"https:\/\/neuhausj.emf-informatique.ch\/Les7mers\/wp-content\/uploads\/2021\/04\/cookie-768x512.jpg\" class=\"attachment-medium_large size-medium_large\" alt=\"\" srcset=\"https:\/\/neuhausj.emf-informatique.ch\/Les7mers\/wp-content\/uploads\/2021\/04\/cookie-768x512.jpg 768w, https:\/\/neuhausj.emf-informatique.ch\/Les7mers\/wp-content\/uploads\/2021\/04\/cookie-300x200.jpg 300w, https:\/\/neuhausj.emf-informatique.ch\/Les7mers\/wp-content\/uploads\/2021\/04\/cookie-1024x683.jpg 1024w, https:\/\/neuhausj.emf-informatique.ch\/Les7mers\/wp-content\/uploads\/2021\/04\/cookie.jpg 1254w\" sizes=\"auto, (max-width: 768px) 100vw, 768px\" \/>\t\t\t\t\t\t\t\t\t\t\t\t\t\t\t<\/div>\n\t\t\t\t<\/div>\n\t\t\t\t\t<\/div>\n\t\t<\/div>\n\t\t\t\t\t\t\t<\/div>\n\t\t<\/section>\n\t\t\t\t<section class=\"elementor-section elementor-top-section elementor-element elementor-element-36b66244 elementor-section-boxed elementor-section-height-default elementor-section-height-default\" data-id=\"36b66244\" data-element_type=\"section\">\n\t\t\t\t\t\t<div class=\"elementor-container elementor-column-gap-default\">\n\t\t\t\t\t<div class=\"elementor-column elementor-col-100 elementor-top-column elementor-element elementor-element-5a711282\" data-id=\"5a711282\" data-element_type=\"column\">\n\t\t\t<div class=\"elementor-widget-wrap elementor-element-populated\">\n\t\t\t\t\t\t\t\t<div class=\"elementor-element elementor-element-24960af7 elementor-widget elementor-widget-text-editor\" data-id=\"24960af7\" data-element_type=\"widget\" data-widget_type=\"text-editor.default\">\n\t\t\t\t<div class=\"elementor-widget-container\">\n\t\t\t\t\t\t\t\t<!-- wp:separator {\"className\":\"is-style-wide\"} --><hr class=\"wp-block-separator is-style-wide\" \/><!-- \/wp:separator --><!-- wp:heading {\"textAlign\":\"left\",\"level\":1} -->\n<h1 class=\"has-text-align-left\">Comment d\u00e9sactiver les Cookies?<\/h1>\n<!-- \/wp:heading --><!-- wp:paragraph {\"align\":\"left\"} -->\n<p class=\"PTXT\">Lorsqu\u2019on se rends sur un site internet, on retrouve souvent un pop-up d\u00e9sagr\u00e9able (les cookies), qui nous emp\u00eache de poursuivre nos recherches sur le site. Ce m\u00eame pop-up a \u00e9t\u00e9 cr\u00e9\u00e9, pour que \u00e7a soit le plus facile d\u2019accepter tous les cookies sans se poser trop de questions.<\/p>\n<!-- \/wp:paragraph -->\t\t\t\t\t\t<\/div>\n\t\t\t\t<\/div>\n\t\t\t\t<div class=\"elementor-element elementor-element-85b81ad elementor-widget elementor-widget-image\" data-id=\"85b81ad\" data-element_type=\"widget\" data-widget_type=\"image.default\">\n\t\t\t\t<div class=\"elementor-widget-container\">\n\t\t\t\t\t\t\t\t\t\t\t\t<figure class=\"wp-caption\">\n\t\t\t\t\t\t\t\t\t\t\t<a href=\"https:\/\/www.decathlon.fr\/\">\n\t\t\t\t\t\t\t<img loading=\"lazy\" decoding=\"async\" width=\"589\" height=\"321\" src=\"https:\/\/neuhausj.emf-informatique.ch\/Les7mers\/wp-content\/uploads\/2021\/04\/capture-decran-2021-04-20-163615.png\" class=\"attachment-large size-large\" alt=\"\" srcset=\"https:\/\/neuhausj.emf-informatique.ch\/Les7mers\/wp-content\/uploads\/2021\/04\/capture-decran-2021-04-20-163615.png 589w, https:\/\/neuhausj.emf-informatique.ch\/Les7mers\/wp-content\/uploads\/2021\/04\/capture-decran-2021-04-20-163615-300x163.png 300w\" sizes=\"auto, (max-width: 589px) 100vw, 589px\" \/>\t\t\t\t\t\t\t\t<\/a>\n\t\t\t\t\t\t\t\t\t\t\t<figcaption class=\"widget-image-caption wp-caption-text\">Image du pop-up cookies de decathlon <\/figcaption>\n\t\t\t\t\t\t\t\t\t\t<\/figure>\n\t\t\t\t\t\t\t\t\t<\/div>\n\t\t\t\t<\/div>\n\t\t\t\t<div class=\"elementor-element elementor-element-23f9826 elementor-widget elementor-widget-text-editor\" data-id=\"23f9826\" data-element_type=\"widget\" data-widget_type=\"text-editor.default\">\n\t\t\t\t<div class=\"elementor-widget-container\">\n\t\t\t\t\t\t\t\t<p class=\"PTXT\">Sur l&rsquo;image on reconnait en grand le bouton pour accepter tous les cookies et celui qui permet de param\u00e9trer les cookies. Le seul bouton qui n&rsquo;est pas mis en valeur est celui qui permet de refuser tous les cookies. Le souci est que la plupart des sites ne poss\u00e8de m\u00eame pas de ce bouton \u00ab\u00a0Refuser et fermer\u00a0\u00bb, donc il est n\u00e9cessaire de modifier les param\u00e8tres pour les refuser.<b><\/b><\/p>\t\t\t\t\t\t<\/div>\n\t\t\t\t<\/div>\n\t\t\t\t<div class=\"elementor-element elementor-element-8d5a784 elementor-widget elementor-widget-image\" data-id=\"8d5a784\" data-element_type=\"widget\" data-widget_type=\"image.default\">\n\t\t\t\t<div class=\"elementor-widget-container\">\n\t\t\t\t\t\t\t\t\t\t\t\t<figure class=\"wp-caption\">\n\t\t\t\t\t\t\t\t\t\t\t<a href=\"https:\/\/www.decathlon.fr\/\">\n\t\t\t\t\t\t\t<img loading=\"lazy\" decoding=\"async\" width=\"700\" height=\"800\" src=\"https:\/\/neuhausj.emf-informatique.ch\/Les7mers\/wp-content\/uploads\/2021\/04\/capture-decran-2021-04-25-083647.png\" class=\"attachment-medium_large size-medium_large\" alt=\"\" srcset=\"https:\/\/neuhausj.emf-informatique.ch\/Les7mers\/wp-content\/uploads\/2021\/04\/capture-decran-2021-04-25-083647.png 700w, https:\/\/neuhausj.emf-informatique.ch\/Les7mers\/wp-content\/uploads\/2021\/04\/capture-decran-2021-04-25-083647-263x300.png 263w\" sizes=\"auto, (max-width: 700px) 100vw, 700px\" \/>\t\t\t\t\t\t\t\t<\/a>\n\t\t\t\t\t\t\t\t\t\t\t<figcaption class=\"widget-image-caption wp-caption-text\">Image des parametres du pop-up cookies de decathlon <\/figcaption>\n\t\t\t\t\t\t\t\t\t\t<\/figure>\n\t\t\t\t\t\t\t\t\t<\/div>\n\t\t\t\t<\/div>\n\t\t\t\t<div class=\"elementor-element elementor-element-2d3b7c4 elementor-widget elementor-widget-text-editor\" data-id=\"2d3b7c4\" data-element_type=\"widget\" data-widget_type=\"text-editor.default\">\n\t\t\t\t<div class=\"elementor-widget-container\">\n\t\t\t\t\t\t\t\t<p>Lorsqu&rsquo;on ouvre les param\u00e8tres Il est possible de refuser tous les cookies et d&rsquo;utiliser le site internet avec les m\u00eames acc\u00e8s que si on les avait accept\u00e9es. Malheureusement quelque site nous oblige \u00e0 accepter tous les cookies sans nous laisser l&rsquo;option de les modifier.<\/p>\t\t\t\t\t\t<\/div>\n\t\t\t\t<\/div>\n\t\t\t\t\t<\/div>\n\t\t<\/div>\n\t\t\t\t\t\t\t<\/div>\n\t\t<\/section>\n\t\t\t\t\t\t<\/div>\n\t\t\t\t\t<\/div>\n\t\t","protected":false},"excerpt":{"rendered":"<p>qu&rsquo;est ce un cookie? Les cookies sont des petits fichiers ce trouvant sur vos Ordinateurs. Ces fichiers vont enregistrer des donn\u00e9es vous concernant : un nom d&rsquo;utilisateur, votre \u00e2ge, certaines habitudes de navigation et plus. Ces donn\u00e9es sont ensuite rassembl\u00e9es et analys\u00e9es afin de faciliter votre navigation. Comment d\u00e9sactiver les Cookies? Lorsqu\u2019on se rends sur [&hellip;]<\/p>\n","protected":false},"author":1,"featured_media":0,"parent":0,"menu_order":0,"comment_status":"closed","ping_status":"closed","template":"","meta":{"footnotes":""},"class_list":["post-7","page","type-page","status-publish","hentry"],"_links":{"self":[{"href":"https:\/\/neuhausj.emf-informatique.ch\/Les7mers\/index.php\/wp-json\/wp\/v2\/pages\/7","targetHints":{"allow":["GET"]}}],"collection":[{"href":"https:\/\/neuhausj.emf-informatique.ch\/Les7mers\/index.php\/wp-json\/wp\/v2\/pages"}],"about":[{"href":"https:\/\/neuhausj.emf-informatique.ch\/Les7mers\/index.php\/wp-json\/wp\/v2\/types\/page"}],"author":[{"embeddable":true,"href":"https:\/\/neuhausj.emf-informatique.ch\/Les7mers\/index.php\/wp-json\/wp\/v2\/users\/1"}],"replies":[{"embeddable":true,"href":"https:\/\/neuhausj.emf-informatique.ch\/Les7mers\/index.php\/wp-json\/wp\/v2\/comments?post=7"}],"version-history":[{"count":8,"href":"https:\/\/neuhausj.emf-informatique.ch\/Les7mers\/index.php\/wp-json\/wp\/v2\/pages\/7\/revisions"}],"predecessor-version":[{"id":287,"href":"https:\/\/neuhausj.emf-informatique.ch\/Les7mers\/index.php\/wp-json\/wp\/v2\/pages\/7\/revisions\/287"}],"wp:attachment":[{"href":"https:\/\/neuhausj.emf-informatique.ch\/Les7mers\/index.php\/wp-json\/wp\/v2\/media?parent=7"}],"curies":[{"name":"wp","href":"https:\/\/api.w.org\/{rel}","templated":true}]}}