{"id":42,"date":"2021-04-20T16:40:01","date_gmt":"2021-04-20T14:40:01","guid":{"rendered":"https:\/\/les7mers.wordpress.com\/?page_id=42"},"modified":"2021-06-12T08:13:38","modified_gmt":"2021-06-12T06:13:38","slug":"les-7-mers","status":"publish","type":"page","link":"https:\/\/neuhausj.emf-informatique.ch\/Les7mers\/index.php\/les-7-mers\/","title":{"rendered":"Navigateurs"},"content":{"rendered":"\t\t<div data-elementor-type=\"wp-page\" data-elementor-id=\"42\" class=\"elementor elementor-42\" data-elementor-settings=\"[]\">\n\t\t\t\t\t\t\t<div class=\"elementor-section-wrap\">\n\t\t\t\t\t\t\t<section class=\"elementor-section elementor-top-section elementor-element elementor-element-3cc0316e elementor-section-boxed elementor-section-height-default elementor-section-height-default\" data-id=\"3cc0316e\" data-element_type=\"section\">\n\t\t\t\t\t\t<div class=\"elementor-container elementor-column-gap-default\">\n\t\t\t\t\t<div class=\"elementor-column elementor-col-100 elementor-top-column elementor-element elementor-element-b586c15\" data-id=\"b586c15\" data-element_type=\"column\">\n\t\t\t<div class=\"elementor-widget-wrap elementor-element-populated\">\n\t\t\t\t\t\t\t\t<div class=\"elementor-element elementor-element-6faf45e elementor-widget elementor-widget-image\" data-id=\"6faf45e\" data-element_type=\"widget\" data-widget_type=\"image.default\">\n\t\t\t\t<div class=\"elementor-widget-container\">\n\t\t\t\t\t\t\t\t\t\t\t\t\t\t\t<img loading=\"lazy\" decoding=\"async\" width=\"638\" height=\"122\" src=\"https:\/\/neuhausj.emf-informatique.ch\/Les7mers\/wp-content\/uploads\/2021\/06\/navigateur.png\" class=\"attachment-large size-large\" alt=\"\" srcset=\"https:\/\/neuhausj.emf-informatique.ch\/Les7mers\/wp-content\/uploads\/2021\/06\/navigateur.png 638w, https:\/\/neuhausj.emf-informatique.ch\/Les7mers\/wp-content\/uploads\/2021\/06\/navigateur-300x57.png 300w\" sizes=\"auto, (max-width: 638px) 100vw, 638px\" \/>\t\t\t\t\t\t\t\t\t\t\t\t\t\t\t<\/div>\n\t\t\t\t<\/div>\n\t\t\t\t<div class=\"elementor-element elementor-element-5684a1fe elementor-widget elementor-widget-text-editor\" data-id=\"5684a1fe\" data-element_type=\"widget\" data-widget_type=\"text-editor.default\">\n\t\t\t\t<div class=\"elementor-widget-container\">\n\t\t\t\t\t\t\t\t<!-- wp:image {\"align\":\"center\",\"id\":46,\"width\":541,\"height\":304,\"sizeSlug\":\"large\",\"linkDestination\":\"none\"} -->\n<div class=\"wp-block-image\">\u00a0<\/div>\n<!-- \/wp:image --><!-- wp:heading -->\n<h2>CHROME<\/h2>\n<!-- \/wp:heading --><!-- wp:paragraph -->\n<p>Google Chrome est le navigateur le plus connu et le plus utilisez aujourd&rsquo;hui. Il est tr\u00e8s puissant et permet d&rsquo;installer une vaste vari\u00e9t\u00e9 d&rsquo;extension et d&rsquo;outils pour rendre votre exp\u00e9rience plus confortable. Mais quelque chose que peu de gens savent, c&rsquo;est qu&rsquo;il vole vos donn\u00e9es personnel.<\/p>\n<!-- \/wp:paragraph --><!-- wp:paragraph -->\n<p>Il sait ce que vous aimer pour vous redirigez vers des pages plus propice a votre gout. Mais \u00e7a veut dire qu&rsquo;il a r\u00e9colt\u00e9 vos pr\u00e9f\u00e9rence sans m\u00eame utiliser un seul cookie.<\/p>\n<!-- \/wp:paragraph --><!-- wp:heading -->\n<h2>EDGE<\/h2>\n<!-- \/wp:heading --><!-- wp:paragraph -->\n<p>Edge est le navigateur internet de Microsoft. Petit fr\u00e8re de Internet Explorer, il est bien plus puissant et rapide que ce dernier.<\/p>\n<!-- \/wp:paragraph --><!-- wp:heading -->\n<h2>BRAVE<\/h2>\n<!-- \/wp:heading --><!-- wp:paragraph -->\n<p>Brave est un tout nouveau navigateur permettant une invisibilit\u00e9 et un anonymats plus pousser que les autres navigateurs. Ils ne touchera pas a vos donn\u00e9es et vous f\u00e9licitera m\u00eame de l&rsquo;utilis\u00e9 en vous offrant de l&rsquo;argent suivant vos recherches.<\/p>\n<!-- \/wp:paragraph -->\t\t\t\t\t\t<\/div>\n\t\t\t\t<\/div>\n\t\t\t\t<div class=\"elementor-element elementor-element-4014bed elementor-widget elementor-widget-text-editor\" data-id=\"4014bed\" data-element_type=\"widget\" data-widget_type=\"text-editor.default\">\n\t\t\t\t<div class=\"elementor-widget-container\">\n\t\t\t\t\t\t\t\t<h2>TOR<\/h2>\n<p>TOR est l&rsquo;acronyme de \u00ab\u00a0The Onion Router\u00a0\u00bb.<\/p>\n<p>Initialement, le logiciel a \u00e9t\u00e9 d\u00e9velopp\u00e9 pour l&rsquo;arm\u00e9e am\u00e9ricaine, et plus particuli\u00e8rement la Navy (marine). Les militaires l&rsquo;utilisent pour masquer leurs adresses IP afin d&rsquo;\u00e9viter le risque de vol des donn\u00e9es sensibles collect\u00e9es lors des missions. Cependant, lorsque l&rsquo;arm\u00e9e a commenc\u00e9 \u00e0 utiliser son propre syst\u00e8me VPN, TOR a \u00e9t\u00e9 publi\u00e9 en tant que logiciel libre et open source.<\/p>\n<p class=\"LC20lb DKV0Md\">\u00c0 l&rsquo;heure actuelle, ce navigateur permet de naviguer sur internet conventionnel sans risque de vol de donn\u00e9e. Il a aussi une autre particularit\u00e9, il permet de traduire une adresse internet finissant par \u00ab\u00a0.onion\u00a0\u00bb. Ce sont des sites internet sp\u00e9cifique \u00e0 ce navigateur.<\/p>\n<p>\u00a0<\/p>\t\t\t\t\t\t<\/div>\n\t\t\t\t<\/div>\n\t\t\t\t\t<\/div>\n\t\t<\/div>\n\t\t\t\t\t\t\t<\/div>\n\t\t<\/section>\n\t\t\t\t\t\t<\/div>\n\t\t\t\t\t<\/div>\n\t\t","protected":false},"excerpt":{"rendered":"<p>CHROME Google Chrome est le navigateur le plus connu et le plus utilisez aujourd&rsquo;hui. Il est tr\u00e8s puissant et permet d&rsquo;installer une vaste vari\u00e9t\u00e9 d&rsquo;extension et d&rsquo;outils pour rendre votre exp\u00e9rience plus confortable. Mais quelque chose que peu de gens savent, c&rsquo;est qu&rsquo;il vole vos donn\u00e9es personnel. Il sait ce que vous aimer pour vous [&hellip;]<\/p>\n","protected":false},"author":2,"featured_media":0,"parent":0,"menu_order":0,"comment_status":"closed","ping_status":"closed","template":"","meta":{"footnotes":""},"class_list":["post-42","page","type-page","status-publish","hentry"],"_links":{"self":[{"href":"https:\/\/neuhausj.emf-informatique.ch\/Les7mers\/index.php\/wp-json\/wp\/v2\/pages\/42","targetHints":{"allow":["GET"]}}],"collection":[{"href":"https:\/\/neuhausj.emf-informatique.ch\/Les7mers\/index.php\/wp-json\/wp\/v2\/pages"}],"about":[{"href":"https:\/\/neuhausj.emf-informatique.ch\/Les7mers\/index.php\/wp-json\/wp\/v2\/types\/page"}],"author":[{"embeddable":true,"href":"https:\/\/neuhausj.emf-informatique.ch\/Les7mers\/index.php\/wp-json\/wp\/v2\/users\/2"}],"replies":[{"embeddable":true,"href":"https:\/\/neuhausj.emf-informatique.ch\/Les7mers\/index.php\/wp-json\/wp\/v2\/comments?post=42"}],"version-history":[{"count":16,"href":"https:\/\/neuhausj.emf-informatique.ch\/Les7mers\/index.php\/wp-json\/wp\/v2\/pages\/42\/revisions"}],"predecessor-version":[{"id":300,"href":"https:\/\/neuhausj.emf-informatique.ch\/Les7mers\/index.php\/wp-json\/wp\/v2\/pages\/42\/revisions\/300"}],"wp:attachment":[{"href":"https:\/\/neuhausj.emf-informatique.ch\/Les7mers\/index.php\/wp-json\/wp\/v2\/media?parent=42"}],"curies":[{"name":"wp","href":"https:\/\/api.w.org\/{rel}","templated":true}]}}